{"id":384,"date":"2024-03-29T11:36:37","date_gmt":"2024-03-29T11:36:37","guid":{"rendered":"https:\/\/krangruasymontajes.com.ar\/?page_id=384"},"modified":"2024-04-10T22:15:07","modified_gmt":"2024-04-10T22:15:07","slug":"servicios-de-gruas-de-gran-porte","status":"publish","type":"page","link":"https:\/\/krangruasymontajes.com.ar\/index.php\/servicios-de-gruas-de-gran-porte\/","title":{"rendered":"Servicios de gr\u00faas de gran porte"},"content":{"rendered":"<div class=\"wpb-content-wrapper\"><p>[vc_row max_width=&#8221;1700&#8243;][vc_column][vc_empty_space height=&#8221;45px&#8221;][\/vc_column][\/vc_row][vc_row max_width=&#8221;1600&#8243;][vc_column width=&#8221;1\/2&#8243;][vc_empty_space height=&#8221;45px&#8221;][vc_empty_space height=&#8221;45px&#8221;][vc_column_text]<\/p>\n<div class=\"wpb_text_column wpb_content_element \">\n<div class=\"wpb_wrapper\">\n<h1 style=\"text-align: left;\" data-sourcepos=\"9:1-9:202\">Servicios de Gr\u00faas<br \/>\nde Gran Porte<\/h1>\n<\/div>\n<\/div>\n<p>[\/vc_column_text][vc_empty_space height=&#8221;15px&#8221;][vc_column_text]<\/p>\n<div class=\"wpb_text_column wpb_content_element \" style=\"text-align: center;\">\n<div class=\"wpb_wrapper\">\n<p style=\"text-align: left;\">En KRAN Servi S.A., contamos con una flota diversa de gr\u00faas especializadas en el manejo de cargas pesadas y de gran porte. Nuestro servicio de gr\u00faas est\u00e1 dise\u00f1ado para satisfacer las necesidades m\u00e1s exigentes de nuestros clientes en el \u00e1mbito industrial y de construcci\u00f3n.<\/p>\n<\/div>\n<\/div>\n<p>[\/vc_column_text][vc_empty_space height=&#8221;45px&#8221;][vc_empty_space height=&#8221;45px&#8221;][\/vc_column][vc_column width=&#8221;1\/2&#8243;][vc_column_text]<img loading=\"lazy\" decoding=\"async\" class=\"aligncenter size-full wp-image-468\" src=\"https:\/\/krangruasymontajes.com.ar\/wp-content\/uploads\/2024\/03\/montajes-servicios-de-gruas-kran-gruas.jpg\" alt=\"\" width=\"1443\" height=\"709\" srcset=\"https:\/\/krangruasymontajes.com.ar\/wp-content\/uploads\/2024\/03\/montajes-servicios-de-gruas-kran-gruas.jpg 1443w, https:\/\/krangruasymontajes.com.ar\/wp-content\/uploads\/2024\/03\/montajes-servicios-de-gruas-kran-gruas-300x147.jpg 300w, https:\/\/krangruasymontajes.com.ar\/wp-content\/uploads\/2024\/03\/montajes-servicios-de-gruas-kran-gruas-1024x503.jpg 1024w, https:\/\/krangruasymontajes.com.ar\/wp-content\/uploads\/2024\/03\/montajes-servicios-de-gruas-kran-gruas-768x377.jpg 768w\" sizes=\"auto, (max-width: 1443px) 100vw, 1443px\" \/>[\/vc_column_text][\/vc_column][\/vc_row][vc_row max_width=&#8221;1600&#8243;][vc_column width=&#8221;1\/2&#8243;][vc_empty_space height=&#8221;45px&#8221;][vc_column_text]<\/p>\n<h4><strong>Tipos de Gr\u00faas Disponibles<\/strong><\/h4>\n<p>[\/vc_column_text][vc_empty_space height=&#8221;15px&#8221;][vc_column_text]<strong>Gr\u00faa de 60 toneladas:<\/strong> Esta gr\u00faa est\u00e1 especialmente dise\u00f1ada para el manejo de cargas de hasta 60 toneladas. Su robusta estructura y capacidad de elevaci\u00f3n la convierten en una herramienta indispensable para proyectos que requieren el movimiento de cargas pesadas a largas distancias.<\/p>\n<p><strong>Gr\u00faa de 28 toneladas:<\/strong> Nuestra gr\u00faa de 28 toneladas es vers\u00e1til y eficiente, adecuada para una amplia variedad de aplicaciones industriales y de construcci\u00f3n. Con su capacidad de elevaci\u00f3n, puede manejar cargas de tama\u00f1o mediano con facilidad y precisi\u00f3n.<\/p>\n<p><strong>Gr\u00faa de 25 toneladas:<\/strong> Esta gr\u00faa es ideal para proyectos que requieren un manejo preciso y delicado de cargas de hasta 25 toneladas. Su dise\u00f1o compacto y su capacidad de maniobra la hacen perfecta para espacios reducidos y situaciones donde se requiere una alta precisi\u00f3n en el posicionamiento de la carga.[\/vc_column_text][vc_empty_space height=&#8221;45px&#8221;][\/vc_column][vc_column width=&#8221;1\/2&#8243;][vc_empty_space height=&#8221;45px&#8221;][vc_column_text]<img loading=\"lazy\" decoding=\"async\" class=\"aligncenter size-full wp-image-524\" src=\"https:\/\/krangruasymontajes.com.ar\/wp-content\/uploads\/2024\/04\/WhatsApp-Image-2024-03-04-at-12.08.39-3.jpg\" alt=\"\" width=\"602\" height=\"400\" srcset=\"https:\/\/krangruasymontajes.com.ar\/wp-content\/uploads\/2024\/04\/WhatsApp-Image-2024-03-04-at-12.08.39-3.jpg 602w, https:\/\/krangruasymontajes.com.ar\/wp-content\/uploads\/2024\/04\/WhatsApp-Image-2024-03-04-at-12.08.39-3-300x199.jpg 300w\" sizes=\"auto, (max-width: 602px) 100vw, 602px\" \/>[\/vc_column_text][vc_empty_space height=&#8221;45px&#8221;][\/vc_column][\/vc_row][vc_row max_width=&#8221;1600&#8243;][vc_column width=&#8221;1\/2&#8243;][vc_empty_space height=&#8221;45px&#8221;][vc_column_text]<img loading=\"lazy\" decoding=\"async\" class=\"aligncenter size-full wp-image-528\" src=\"https:\/\/krangruasymontajes.com.ar\/wp-content\/uploads\/2024\/04\/WhatsApp-Image-2024-03-04-at-12.08.39.jpg\" alt=\"\" width=\"600\" height=\"400\" srcset=\"https:\/\/krangruasymontajes.com.ar\/wp-content\/uploads\/2024\/04\/WhatsApp-Image-2024-03-04-at-12.08.39.jpg 600w, https:\/\/krangruasymontajes.com.ar\/wp-content\/uploads\/2024\/04\/WhatsApp-Image-2024-03-04-at-12.08.39-300x200.jpg 300w\" sizes=\"auto, (max-width: 600px) 100vw, 600px\" \/>[\/vc_column_text][vc_empty_space height=&#8221;45px&#8221;][\/vc_column][vc_column width=&#8221;1\/2&#8243;][vc_empty_space height=&#8221;45px&#8221;][vc_column_text]<\/p>\n<h4><strong><span style=\"font-size: 22px;\">Aplicaciones<\/span><\/strong><\/h4>\n<p>[\/vc_column_text][vc_empty_space height=&#8221;15px&#8221;][vc_column_text]<\/p>\n<ul>\n<li>Levantamiento y transporte de estructuras met\u00e1licas.<\/li>\n<li>Carga y descarga de maquinaria pesada.<\/li>\n<li>Montaje de naves industriales y torres.<\/li>\n<li>Movimiento de equipos de gran tama\u00f1o, como generadores y equipos de refrigeraci\u00f3n.<\/li>\n<li>Asistencia en proyectos de construcci\u00f3n y obras civiles.<\/li>\n<\/ul>\n<p>[\/vc_column_text][vc_empty_space height=&#8221;45px&#8221;][vc_column_text]<\/p>\n<h4>Compromiso con la Seguridad<\/h4>\n<p>[\/vc_column_text][vc_empty_space height=&#8221;15px&#8221;][vc_column_text]<strong>En KRAN Servi S.A., la seguridad es nuestra m\u00e1xima prioridad.<\/strong> Todas nuestras operaciones de gr\u00faas se llevan a cabo cumpliendo estrictamente con los m\u00e1s altos est\u00e1ndares de seguridad y prevenci\u00f3n de riesgos laborales. Nuestro equipo de operadores est\u00e1 altamente capacitado y certificado para garantizar un manejo seguro y eficiente de las cargas en todo momento.[\/vc_column_text][\/vc_column][\/vc_row][vc_row max_width=&#8221;1600&#8243;][vc_column width=&#8221;1\/2&#8243;][vc_empty_space height=&#8221;45px&#8221;][vc_column_text]<\/p>\n<h4><strong>Equipo Completo Disponible<\/strong><\/h4>\n<p>[\/vc_column_text][vc_empty_space height=&#8221;15px&#8221;][vc_column_text]<\/p>\n<p style=\"text-align: left;\"><strong>Carret\u00f3n Ingenmet<\/strong> &#8211; Semi remolque-34 (sin dolly)\u00a0 Carga m\u00e1x. 55 ton.<br \/>\n<strong>Carret\u00f3n Marcelini<\/strong> Semi remolque de 4 ejes 30 ton.<br \/>\n<strong>Gr\u00faa P&amp;H<\/strong> Gr\u00faa de gran porte 60 ton.<br \/>\n<strong>Gr\u00faa P&amp;H<\/strong> Gr\u00faa de gran porte 28 ton.<br \/>\n<strong>Gr\u00faa GROVE<\/strong> Gr\u00faa de gran porte 25 ton.<br \/>\n<strong>Gr\u00faa KRUPP<\/strong> Cami\u00f3n 20GMT 29000 kg.<br \/>\n<strong>Guindola<\/strong> _ Guindola met\u00e1lica 310 kg, para uso 180 kg m\u00e1x.<br \/>\n<strong>Hidro gr\u00faa PM Group SPA<\/strong> Hidro gr\u00faa sobre cami\u00f3n 13,3 ton.<\/p>\n<p>[\/vc_column_text][vc_empty_space height=&#8221;45px&#8221;][vc_empty_space height=&#8221;45px&#8221;][\/vc_column][vc_column width=&#8221;1\/2&#8243;][vc_empty_space height=&#8221;45px&#8221;][vc_column_text]<img loading=\"lazy\" decoding=\"async\" class=\"aligncenter size-full wp-image-526\" src=\"https:\/\/krangruasymontajes.com.ar\/wp-content\/uploads\/2024\/04\/WhatsApp-Image-2024-02-09-at-13.26.24.jpg\" alt=\"\" width=\"600\" height=\"399\" srcset=\"https:\/\/krangruasymontajes.com.ar\/wp-content\/uploads\/2024\/04\/WhatsApp-Image-2024-02-09-at-13.26.24.jpg 600w, https:\/\/krangruasymontajes.com.ar\/wp-content\/uploads\/2024\/04\/WhatsApp-Image-2024-02-09-at-13.26.24-300x200.jpg 300w\" sizes=\"auto, (max-width: 600px) 100vw, 600px\" \/>[\/vc_column_text][vc_empty_space height=&#8221;45px&#8221;][\/vc_column][\/vc_row][vc_row][vc_column][vc_empty_space height=&#8221;45px&#8221;][vc_empty_space height=&#8221;45px&#8221;][vc_empty_space height=&#8221;45px&#8221;][vc_empty_space height=&#8221;45px&#8221;][\/vc_column][\/vc_row]<\/p>\n<\/div>","protected":false},"excerpt":{"rendered":"<p>[vc_row max_width=&#8221;1700&#8243;][vc_column][vc_empty_space height=&#8221;45px&#8221;][\/vc_column][\/vc_row][vc_row max_width=&#8221;1600&#8243;][vc_column width=&#8221;1\/2&#8243;][vc_empty_space height=&#8221;45px&#8221;][vc_empty_space height=&#8221;45px&#8221;][vc_column_text] Servicios de Gr\u00faas de Gran Porte [\/vc_column_text][vc_empty_space height=&#8221;15px&#8221;][vc_column_text] En KRAN Servi S.A., contamos con una flota diversa de gr\u00faas especializadas en el manejo de cargas pesadas y de gran porte. Nuestro servicio de gr\u00faas est\u00e1 dise\u00f1ado para satisfacer las necesidades m\u00e1s exigentes de nuestros clientes en el \u00e1mbito &hellip;<\/p>\n","protected":false},"author":2,"featured_media":0,"parent":0,"menu_order":0,"comment_status":"closed","ping_status":"closed","template":"templates\/page-full.php","meta":{"footnotes":""},"class_list":["post-384","page","type-page","status-publish","hentry"],"_links":{"self":[{"href":"https:\/\/krangruasymontajes.com.ar\/index.php\/wp-json\/wp\/v2\/pages\/384","targetHints":{"allow":["GET"]}}],"collection":[{"href":"https:\/\/krangruasymontajes.com.ar\/index.php\/wp-json\/wp\/v2\/pages"}],"about":[{"href":"https:\/\/krangruasymontajes.com.ar\/index.php\/wp-json\/wp\/v2\/types\/page"}],"author":[{"embeddable":true,"href":"https:\/\/krangruasymontajes.com.ar\/index.php\/wp-json\/wp\/v2\/users\/2"}],"replies":[{"embeddable":true,"href":"https:\/\/krangruasymontajes.com.ar\/index.php\/wp-json\/wp\/v2\/comments?post=384"}],"version-history":[{"count":21,"href":"https:\/\/krangruasymontajes.com.ar\/index.php\/wp-json\/wp\/v2\/pages\/384\/revisions"}],"predecessor-version":[{"id":529,"href":"https:\/\/krangruasymontajes.com.ar\/index.php\/wp-json\/wp\/v2\/pages\/384\/revisions\/529"}],"wp:attachment":[{"href":"https:\/\/krangruasymontajes.com.ar\/index.php\/wp-json\/wp\/v2\/media?parent=384"}],"curies":[{"name":"wp","href":"https:\/\/api.w.org\/{rel}","templated":true}]}}