{"id":380,"date":"2024-03-29T11:35:34","date_gmt":"2024-03-29T11:35:34","guid":{"rendered":"https:\/\/krangruasymontajes.com.ar\/?page_id=380"},"modified":"2024-04-10T22:25:43","modified_gmt":"2024-04-10T22:25:43","slug":"servicios-de-fletes","status":"publish","type":"page","link":"https:\/\/krangruasymontajes.com.ar\/index.php\/servicios-de-fletes\/","title":{"rendered":"Servicios de Fletes"},"content":{"rendered":"<div class=\"wpb-content-wrapper\"><p>[vc_row max_width=&#8221;1700&#8243;][vc_column][vc_empty_space height=&#8221;45px&#8221;][\/vc_column][\/vc_row][vc_row max_width=&#8221;1600&#8243;][vc_column width=&#8221;1\/2&#8243;][vc_empty_space height=&#8221;45px&#8221;][vc_empty_space height=&#8221;45px&#8221;][vc_column_text]<\/p>\n<div class=\"wpb_text_column wpb_content_element \">\n<div class=\"wpb_wrapper\">\n<h1 style=\"text-align: left;\" data-sourcepos=\"9:1-9:202\">Fletes y Transporte<\/h1>\n<\/div>\n<\/div>\n<p>[\/vc_column_text][vc_empty_space height=&#8221;15px&#8221;][vc_column_text]<\/p>\n<div class=\"wpb_text_column wpb_content_element \" style=\"text-align: center;\">\n<div class=\"wpb_wrapper\">\n<p style=\"text-align: left;\" data-sourcepos=\"9:1-9:202\">Amplia gama de servicios de fletes y transporte para satisfacer las necesidades log\u00edsticas de nuestros clientes en la industria industrial y de la construcci\u00f3n. Nuestro objetivo es proporcionar soluciones eficientes y confiables para el movimiento de cargas pesadas y de gran tama\u00f1o, tanto a nivel local como nacional.<\/p>\n<\/div>\n<\/div>\n<p>[\/vc_column_text][vc_empty_space height=&#8221;45px&#8221;][vc_empty_space height=&#8221;45px&#8221;][\/vc_column][vc_column width=&#8221;1\/2&#8243;][vc_column_text]<img loading=\"lazy\" decoding=\"async\" class=\"aligncenter size-full wp-image-472\" src=\"https:\/\/krangruasymontajes.com.ar\/wp-content\/uploads\/2024\/03\/fletes-montajes-servicios-de-gruas-kran-gruas-montajes-de-silos.jpg\" alt=\"\" width=\"1443\" height=\"709\" srcset=\"https:\/\/krangruasymontajes.com.ar\/wp-content\/uploads\/2024\/03\/fletes-montajes-servicios-de-gruas-kran-gruas-montajes-de-silos.jpg 1443w, https:\/\/krangruasymontajes.com.ar\/wp-content\/uploads\/2024\/03\/fletes-montajes-servicios-de-gruas-kran-gruas-montajes-de-silos-300x147.jpg 300w, https:\/\/krangruasymontajes.com.ar\/wp-content\/uploads\/2024\/03\/fletes-montajes-servicios-de-gruas-kran-gruas-montajes-de-silos-1024x503.jpg 1024w, https:\/\/krangruasymontajes.com.ar\/wp-content\/uploads\/2024\/03\/fletes-montajes-servicios-de-gruas-kran-gruas-montajes-de-silos-768x377.jpg 768w\" sizes=\"auto, (max-width: 1443px) 100vw, 1443px\" \/>[\/vc_column_text][\/vc_column][\/vc_row][vc_row max_width=&#8221;1600&#8243;][vc_column width=&#8221;1\/2&#8243;][vc_empty_space height=&#8221;45px&#8221;][vc_column_text]<\/p>\n<h4><strong>Servicios Ofrecidos<\/strong><\/h4>\n<p>[\/vc_column_text][vc_empty_space height=&#8221;15px&#8221;][vc_column_text]<strong>Fletes con Carretones Propios:<\/strong> Contamos con una flota de carretones especializados en el transporte de cargas pesadas y de gran porte. Nuestros carretones est\u00e1n equipados con sistemas de seguridad avanzados y son operados por personal altamente capacitado para garantizar un transporte seguro y eficiente.<\/p>\n<p><strong>Servicios de Transporte por Carretera:<\/strong> Adem\u00e1s de los fletes con carretones propios, ofrecemos servicios de transporte por carretera para cargas de menor tama\u00f1o y peso. Nuestra flota de camiones est\u00e1 equipada para manejar una amplia variedad de mercanc\u00edas y ofrece flexibilidad en t\u00e9rminos de capacidad y alcance geogr\u00e1fico.[\/vc_column_text][vc_empty_space height=&#8221;45px&#8221;][\/vc_column][vc_column width=&#8221;1\/2&#8243;][vc_empty_space height=&#8221;45px&#8221;][vc_column_text]<img loading=\"lazy\" decoding=\"async\" class=\"aligncenter size-full wp-image-532\" src=\"https:\/\/krangruasymontajes.com.ar\/wp-content\/uploads\/2024\/04\/WhatsApp-Image-2024-03-04-at-12.08.39-1.jpg\" alt=\"\" width=\"600\" height=\"400\" srcset=\"https:\/\/krangruasymontajes.com.ar\/wp-content\/uploads\/2024\/04\/WhatsApp-Image-2024-03-04-at-12.08.39-1.jpg 600w, https:\/\/krangruasymontajes.com.ar\/wp-content\/uploads\/2024\/04\/WhatsApp-Image-2024-03-04-at-12.08.39-1-300x200.jpg 300w\" sizes=\"auto, (max-width: 600px) 100vw, 600px\" \/>[\/vc_column_text][vc_empty_space height=&#8221;45px&#8221;][\/vc_column][\/vc_row][vc_row max_width=&#8221;1600&#8243;][vc_column width=&#8221;1\/2&#8243;][vc_empty_space height=&#8221;45px&#8221;][vc_column_text]<img loading=\"lazy\" decoding=\"async\" class=\"aligncenter size-full wp-image-535\" src=\"https:\/\/krangruasymontajes.com.ar\/wp-content\/uploads\/2024\/04\/Captura-de-pantalla-2024-04-10-192335.jpg\" alt=\"\" width=\"483\" height=\"324\" srcset=\"https:\/\/krangruasymontajes.com.ar\/wp-content\/uploads\/2024\/04\/Captura-de-pantalla-2024-04-10-192335.jpg 483w, https:\/\/krangruasymontajes.com.ar\/wp-content\/uploads\/2024\/04\/Captura-de-pantalla-2024-04-10-192335-300x201.jpg 300w\" sizes=\"auto, (max-width: 483px) 100vw, 483px\" \/>[\/vc_column_text][\/vc_column][vc_column width=&#8221;1\/2&#8243;][vc_empty_space height=&#8221;45px&#8221;][vc_column_text]<\/p>\n<h4><strong>Aplicaciones<\/strong><\/h4>\n<p>[\/vc_column_text][vc_empty_space height=&#8221;15px&#8221;][vc_column_text]<\/p>\n<ul>\n<li>Transporte de maquinaria pesada y equipos industriales.<\/li>\n<li>Movimiento de estructuras met\u00e1licas y componentes de gran tama\u00f1o.<\/li>\n<li>Distribuci\u00f3n de materiales de construcci\u00f3n y mercanc\u00edas industriales.<\/li>\n<li>Log\u00edstica de proyectos de construcci\u00f3n y obras civiles a nivel local y nacional.<\/li>\n<\/ul>\n<p>[\/vc_column_text][vc_empty_space height=&#8221;45px&#8221;][\/vc_column][\/vc_row][vc_row max_width=&#8221;1600&#8243;][vc_column width=&#8221;1\/2&#8243;][vc_empty_space height=&#8221;45px&#8221;][vc_column_text]<\/p>\n<h4><strong>Compromiso con la Seguridad<\/strong><\/h4>\n<p>[\/vc_column_text][vc_empty_space height=&#8221;15px&#8221;][vc_column_text]<strong>En KRAN Servi S.A., la seguridad es nuestra m\u00e1xima prioridad.<\/strong> Todos nuestros servicios de fletes y transporte se llevan a cabo cumpliendo estrictamente con los m\u00e1s altos est\u00e1ndares de seguridad vial y prevenci\u00f3n de riesgos laborales. Nuestro equipo de conductores y operadores est\u00e1 altamente capacitado y certificado para garantizar un transporte seguro y confiable en todo momento.<\/p>\n<h4>Cont\u00e1ctanos<\/h4>\n<p>Para m\u00e1s informaci\u00f3n sobre nuestros servicios de fletes y transporte o para solicitar una cotizaci\u00f3n, no dudes en ponerte en contacto con nosotros.[\/vc_column_text][vc_empty_space height=&#8221;45px&#8221;][\/vc_column][vc_column width=&#8221;1\/2&#8243;][vc_empty_space height=&#8221;45px&#8221;][vc_column_text]<img loading=\"lazy\" decoding=\"async\" class=\"aligncenter size-full wp-image-530\" src=\"https:\/\/krangruasymontajes.com.ar\/wp-content\/uploads\/2024\/04\/WhatsApp-Image-2024-03-04-at-12.08.40.jpg\" alt=\"\" width=\"600\" height=\"401\" srcset=\"https:\/\/krangruasymontajes.com.ar\/wp-content\/uploads\/2024\/04\/WhatsApp-Image-2024-03-04-at-12.08.40.jpg 600w, https:\/\/krangruasymontajes.com.ar\/wp-content\/uploads\/2024\/04\/WhatsApp-Image-2024-03-04-at-12.08.40-300x201.jpg 300w\" sizes=\"auto, (max-width: 600px) 100vw, 600px\" \/>[\/vc_column_text][vc_empty_space height=&#8221;45px&#8221;][\/vc_column][\/vc_row][vc_row][vc_column][vc_empty_space height=&#8221;45px&#8221;][vc_empty_space height=&#8221;45px&#8221;][vc_empty_space height=&#8221;45px&#8221;][vc_empty_space height=&#8221;45px&#8221;][\/vc_column][\/vc_row]<\/p>\n<\/div>","protected":false},"excerpt":{"rendered":"<p>[vc_row max_width=&#8221;1700&#8243;][vc_column][vc_empty_space height=&#8221;45px&#8221;][\/vc_column][\/vc_row][vc_row max_width=&#8221;1600&#8243;][vc_column width=&#8221;1\/2&#8243;][vc_empty_space height=&#8221;45px&#8221;][vc_empty_space height=&#8221;45px&#8221;][vc_column_text] Fletes y Transporte [\/vc_column_text][vc_empty_space height=&#8221;15px&#8221;][vc_column_text] Amplia gama de servicios de fletes y transporte para satisfacer las necesidades log\u00edsticas de nuestros clientes en la industria industrial y de la construcci\u00f3n. Nuestro objetivo es proporcionar soluciones eficientes y confiables para el movimiento de cargas pesadas y de gran tama\u00f1o, tanto &hellip;<\/p>\n","protected":false},"author":2,"featured_media":0,"parent":0,"menu_order":0,"comment_status":"closed","ping_status":"closed","template":"templates\/page-full.php","meta":{"footnotes":""},"class_list":["post-380","page","type-page","status-publish","hentry"],"_links":{"self":[{"href":"https:\/\/krangruasymontajes.com.ar\/index.php\/wp-json\/wp\/v2\/pages\/380","targetHints":{"allow":["GET"]}}],"collection":[{"href":"https:\/\/krangruasymontajes.com.ar\/index.php\/wp-json\/wp\/v2\/pages"}],"about":[{"href":"https:\/\/krangruasymontajes.com.ar\/index.php\/wp-json\/wp\/v2\/types\/page"}],"author":[{"embeddable":true,"href":"https:\/\/krangruasymontajes.com.ar\/index.php\/wp-json\/wp\/v2\/users\/2"}],"replies":[{"embeddable":true,"href":"https:\/\/krangruasymontajes.com.ar\/index.php\/wp-json\/wp\/v2\/comments?post=380"}],"version-history":[{"count":49,"href":"https:\/\/krangruasymontajes.com.ar\/index.php\/wp-json\/wp\/v2\/pages\/380\/revisions"}],"predecessor-version":[{"id":537,"href":"https:\/\/krangruasymontajes.com.ar\/index.php\/wp-json\/wp\/v2\/pages\/380\/revisions\/537"}],"wp:attachment":[{"href":"https:\/\/krangruasymontajes.com.ar\/index.php\/wp-json\/wp\/v2\/media?parent=380"}],"curies":[{"name":"wp","href":"https:\/\/api.w.org\/{rel}","templated":true}]}}