{"id":378,"date":"2024-03-29T11:35:11","date_gmt":"2024-03-29T11:35:11","guid":{"rendered":"https:\/\/krangruasymontajes.com.ar\/?page_id=378"},"modified":"2024-03-29T12:56:37","modified_gmt":"2024-03-29T12:56:37","slug":"servicios-de-montajes","status":"publish","type":"page","link":"https:\/\/krangruasymontajes.com.ar\/index.php\/servicios-de-montajes\/","title":{"rendered":"Servicios de Montajes"},"content":{"rendered":"<div class=\"wpb-content-wrapper\"><p>[vc_row max_width=&#8221;1700&#8243;][vc_column][vc_empty_space height=&#8221;45px&#8221;][\/vc_column][\/vc_row][vc_row max_width=&#8221;1600&#8243;][vc_column width=&#8221;1\/2&#8243;][vc_empty_space height=&#8221;45px&#8221;][vc_empty_space height=&#8221;45px&#8221;][vc_column_text]<\/p>\n<div class=\"wpb_text_column wpb_content_element \">\n<div class=\"wpb_wrapper\">\n<h1 style=\"text-align: left;\" data-sourcepos=\"9:1-9:202\">Montajes Industriales<\/h1>\n<\/div>\n<\/div>\n<p>[\/vc_column_text][vc_empty_space height=&#8221;15px&#8221;][vc_column_text]<\/p>\n<div class=\"wpb_text_column wpb_content_element \" style=\"text-align: center;\">\n<div class=\"wpb_wrapper\">\n<p style=\"text-align: left;\" data-sourcepos=\"9:1-9:202\">Servicios completos de montajes industriales para una amplia variedad de proyectos en la industria manufacturera, de construcci\u00f3n y de energ\u00eda. Con m\u00e1s de 45 a\u00f1os de experiencia en el sector, nuestro equipo altamente capacitado y nuestras herramientas especializadas nos permiten realizar montajes de alta calidad de manera eficiente y segura.<\/p>\n<\/div>\n<\/div>\n<p>[\/vc_column_text][vc_empty_space height=&#8221;45px&#8221;][vc_empty_space height=&#8221;45px&#8221;][\/vc_column][vc_column width=&#8221;1\/2&#8243;][vc_column_text]<img loading=\"lazy\" decoding=\"async\" class=\"aligncenter size-full wp-image-424\" src=\"https:\/\/krangruasymontajes.com.ar\/wp-content\/uploads\/2024\/03\/montajes-servicios-de-gruas-kran.jpg\" alt=\"\" width=\"1443\" height=\"709\" srcset=\"https:\/\/krangruasymontajes.com.ar\/wp-content\/uploads\/2024\/03\/montajes-servicios-de-gruas-kran.jpg 1443w, https:\/\/krangruasymontajes.com.ar\/wp-content\/uploads\/2024\/03\/montajes-servicios-de-gruas-kran-300x147.jpg 300w, https:\/\/krangruasymontajes.com.ar\/wp-content\/uploads\/2024\/03\/montajes-servicios-de-gruas-kran-1024x503.jpg 1024w, https:\/\/krangruasymontajes.com.ar\/wp-content\/uploads\/2024\/03\/montajes-servicios-de-gruas-kran-768x377.jpg 768w\" sizes=\"auto, (max-width: 1443px) 100vw, 1443px\" \/>[\/vc_column_text][\/vc_column][\/vc_row][vc_row max_width=&#8221;1600&#8243;][vc_column width=&#8221;1\/2&#8243;][vc_empty_space height=&#8221;45px&#8221;][vc_column_text]<\/p>\n<h4>Tipos de Montajes<\/h4>\n<ol>\n<li><strong>Montaje de Elevadores a Cangilones:<\/strong> Instalamos y montamos sistemas de elevadores a cangilones para el manejo de materiales a granel en diferentes industrias, como la agr\u00edcola, alimentaria y minera.<\/li>\n<li><strong>Montaje de Transportadores a Cadena y Cintas:<\/strong> Realizamos el montaje de sistemas de transporte a cadena y cintas para facilitar el movimiento de productos a lo largo de l\u00edneas de producci\u00f3n y almacenes.<\/li>\n<li><strong>Montaje de Silos y Torres:<\/strong> Instalamos y montamos silos y torres para el almacenamiento y manejo de materiales a granel, como granos, cemento y productos qu\u00edmicos.<\/li>\n<li><strong>Montaje de Estructuras Met\u00e1licas:<\/strong> Llevamos a cabo el montaje de estructuras met\u00e1licas para la construcci\u00f3n de naves industriales, edificios comerciales y estructuras de soporte para equipos pesados.<\/li>\n<li><strong>Montaje de Roscas Extractoras:<\/strong> Realizamos el montaje de roscas extractoras para la extracci\u00f3n y transporte de materiales a granel en sistemas de manejo de materiales.<\/li>\n<\/ol>\n<p>[\/vc_column_text][vc_empty_space height=&#8221;45px&#8221;][\/vc_column][vc_column width=&#8221;1\/2&#8243;][vc_empty_space height=&#8221;45px&#8221;][vc_column_text]<\/p>\n<h4>Aplicaciones<\/h4>\n<ul>\n<li>Industria Agr\u00edcola: Montaje de sistemas de manejo de granos y semillas.<\/li>\n<li>Industria Alimentaria: Instalaci\u00f3n de sistemas de transporte y almacenamiento de alimentos.<\/li>\n<li>Industria Minera: Montaje de estructuras para el manejo de minerales y materiales de excavaci\u00f3n.<\/li>\n<li>Industria de la Construcci\u00f3n: Construcci\u00f3n de naves industriales, edificios comerciales y estructuras de soporte.<\/li>\n<\/ul>\n<h4>Compromiso con la Seguridad<\/h4>\n<p>En KRAN Servi S.A., la seguridad es nuestra m\u00e1xima prioridad. Todos nuestros servicios de montajes industriales se llevan a cabo cumpliendo estrictamente con los m\u00e1s altos est\u00e1ndares de seguridad laboral y prevenci\u00f3n de riesgos. Nuestro equipo de trabajo est\u00e1 altamente capacitado y certificado para garantizar un montaje seguro y confiable en todo momento.<\/p>\n<h4>Cont\u00e1ctanos<\/h4>\n<p>Para m\u00e1s informaci\u00f3n sobre nuestros servicios de montajes industriales o para solicitar una cotizaci\u00f3n, no dudes en ponerte en contacto con nosotros.[\/vc_column_text][vc_empty_space height=&#8221;45px&#8221;][\/vc_column][\/vc_row][vc_row][vc_column][vc_empty_space height=&#8221;45px&#8221;][vc_empty_space height=&#8221;45px&#8221;][vc_empty_space height=&#8221;45px&#8221;][vc_empty_space height=&#8221;45px&#8221;][\/vc_column][\/vc_row]<\/p>\n<\/div>","protected":false},"excerpt":{"rendered":"<p>[vc_row max_width=&#8221;1700&#8243;][vc_column][vc_empty_space height=&#8221;45px&#8221;][\/vc_column][\/vc_row][vc_row max_width=&#8221;1600&#8243;][vc_column width=&#8221;1\/2&#8243;][vc_empty_space height=&#8221;45px&#8221;][vc_empty_space height=&#8221;45px&#8221;][vc_column_text] Montajes Industriales [\/vc_column_text][vc_empty_space height=&#8221;15px&#8221;][vc_column_text] Servicios completos de montajes industriales para una amplia variedad de proyectos en la industria manufacturera, de construcci\u00f3n y de energ\u00eda. Con m\u00e1s de 45 a\u00f1os de experiencia en el sector, nuestro equipo altamente capacitado y nuestras herramientas especializadas nos permiten realizar montajes de alta &hellip;<\/p>\n","protected":false},"author":2,"featured_media":0,"parent":0,"menu_order":0,"comment_status":"closed","ping_status":"closed","template":"templates\/page-full.php","meta":{"footnotes":""},"class_list":["post-378","page","type-page","status-publish","hentry"],"_links":{"self":[{"href":"https:\/\/krangruasymontajes.com.ar\/index.php\/wp-json\/wp\/v2\/pages\/378","targetHints":{"allow":["GET"]}}],"collection":[{"href":"https:\/\/krangruasymontajes.com.ar\/index.php\/wp-json\/wp\/v2\/pages"}],"about":[{"href":"https:\/\/krangruasymontajes.com.ar\/index.php\/wp-json\/wp\/v2\/types\/page"}],"author":[{"embeddable":true,"href":"https:\/\/krangruasymontajes.com.ar\/index.php\/wp-json\/wp\/v2\/users\/2"}],"replies":[{"embeddable":true,"href":"https:\/\/krangruasymontajes.com.ar\/index.php\/wp-json\/wp\/v2\/comments?post=378"}],"version-history":[{"count":8,"href":"https:\/\/krangruasymontajes.com.ar\/index.php\/wp-json\/wp\/v2\/pages\/378\/revisions"}],"predecessor-version":[{"id":480,"href":"https:\/\/krangruasymontajes.com.ar\/index.php\/wp-json\/wp\/v2\/pages\/378\/revisions\/480"}],"wp:attachment":[{"href":"https:\/\/krangruasymontajes.com.ar\/index.php\/wp-json\/wp\/v2\/media?parent=378"}],"curies":[{"name":"wp","href":"https:\/\/api.w.org\/{rel}","templated":true}]}}