{"id":334,"date":"2024-03-27T11:54:41","date_gmt":"2024-03-27T11:54:41","guid":{"rendered":"https:\/\/krangruasymontajes.com.ar\/?page_id=334"},"modified":"2024-05-14T12:40:37","modified_gmt":"2024-05-14T12:40:37","slug":"inicio-2","status":"publish","type":"page","link":"https:\/\/krangruasymontajes.com.ar\/","title":{"rendered":"Inicio"},"content":{"rendered":"<div class=\"wpb-content-wrapper\"><p>[vc_row max_width=&#8221;1600&#8243;][vc_column css_animation=&#8221;fadeIn&#8221;][vc_column_text]<img loading=\"lazy\" decoding=\"async\" class=\"aligncenter size-full wp-image-358\" src=\"https:\/\/krangruasymontajes.com.ar\/wp-content\/uploads\/2024\/03\/kran-gruas-y-montajes-1.jpg\" alt=\"\" width=\"1344\" height=\"447\" srcset=\"https:\/\/krangruasymontajes.com.ar\/wp-content\/uploads\/2024\/03\/kran-gruas-y-montajes-1.jpg 1344w, https:\/\/krangruasymontajes.com.ar\/wp-content\/uploads\/2024\/03\/kran-gruas-y-montajes-1-300x100.jpg 300w, https:\/\/krangruasymontajes.com.ar\/wp-content\/uploads\/2024\/03\/kran-gruas-y-montajes-1-1024x341.jpg 1024w, https:\/\/krangruasymontajes.com.ar\/wp-content\/uploads\/2024\/03\/kran-gruas-y-montajes-1-768x255.jpg 768w\" sizes=\"auto, (max-width: 1344px) 100vw, 1344px\" \/>[\/vc_column_text][\/vc_column][\/vc_row][vc_row max_width=&#8221;1600&#8243;][vc_column css_animation=&#8221;fadeInUp&#8221;][vc_empty_space height=&#8221;45px&#8221;][vc_column_text]<\/p>\n<h1 style=\"text-align: center;\">Servicios de Gr\u00faas y Montajes Industriales<\/h1>\n<p>[\/vc_column_text][\/vc_column][\/vc_row][vc_row max_width=&#8221;1600&#8243;][vc_column css_animation=&#8221;fadeInUp&#8221;][vc_empty_space height=&#8221;15px&#8221;][vc_column_text]<\/p>\n<h3 style=\"text-align: center;\">Alquiler de Gr\u00faas y Transportes de Grandes Dimensiones<\/h3>\n<p>[\/vc_column_text][vc_empty_space height=&#8221;45px&#8221;][\/vc_column][\/vc_row][vc_row max_width=&#8221;1600&#8243;][vc_column css_animation=&#8221;fadeInUp&#8221;][vc_empty_space height=&#8221;45px&#8221;][vc_column_text]<\/p>\n<h3 style=\"text-align: center;\">Nuestros Servicios<\/h3>\n<p>[\/vc_column_text][vc_empty_space height=&#8221;25px&#8221;][\/vc_column][\/vc_row][vc_row max_width=&#8221;1600&#8243; css_animation=&#8221;fadeInUp&#8221;][vc_column width=&#8221;1\/4&#8243;][vc_empty_space height=&#8221;45px&#8221;][vc_column_text]<img loading=\"lazy\" decoding=\"async\" class=\"aligncenter size-full wp-image-424\" src=\"https:\/\/krangruasymontajes.com.ar\/wp-content\/uploads\/2024\/03\/montajes-servicios-de-gruas-kran.jpg\" alt=\"\" width=\"1443\" height=\"709\" srcset=\"https:\/\/krangruasymontajes.com.ar\/wp-content\/uploads\/2024\/03\/montajes-servicios-de-gruas-kran.jpg 1443w, https:\/\/krangruasymontajes.com.ar\/wp-content\/uploads\/2024\/03\/montajes-servicios-de-gruas-kran-300x147.jpg 300w, https:\/\/krangruasymontajes.com.ar\/wp-content\/uploads\/2024\/03\/montajes-servicios-de-gruas-kran-1024x503.jpg 1024w, https:\/\/krangruasymontajes.com.ar\/wp-content\/uploads\/2024\/03\/montajes-servicios-de-gruas-kran-768x377.jpg 768w\" sizes=\"auto, (max-width: 1443px) 100vw, 1443px\" \/>[\/vc_column_text][vc_empty_space height=&#8221;15px&#8221;][vc_column_text]<\/p>\n<h3 style=\"text-align: center;\">Montajes Industriales<\/h3>\n<p>[\/vc_column_text][vc_empty_space height=&#8221;15px&#8221;]\r\n\t\t\t<div class=\"nm_btn_align_center\">\r\n\t\t\t\t<a href=\"https:\/\/krangruasymontajes.com.ar\/index.php\/servicios-de-montajes\/\" class=\"nm_btn nm_btn_lg nm_btn_filled_rounded\" title=\"Servicios de gr\u00faas de gran porte\">\r\n\t\t\t\t\t<span class=\"nm_btn_title\">Conoce m\u00e1s<\/span>\r\n\t\t\t\t\t<span class=\"nm_btn_bg\" style=\"background-color:#dd0000;\"><\/span>\r\n\t\t\t\t<\/a>\r\n\t\t\t<\/div>[vc_empty_space height=&#8221;45px&#8221;][vc_empty_space height=&#8221;45px&#8221;][\/vc_column][vc_column width=&#8221;1\/4&#8243;][vc_empty_space height=&#8221;45px&#8221;][vc_column_text]<img loading=\"lazy\" decoding=\"async\" class=\"aligncenter size-full wp-image-472\" src=\"https:\/\/krangruasymontajes.com.ar\/wp-content\/uploads\/2024\/03\/fletes-montajes-servicios-de-gruas-kran-gruas-montajes-de-silos.jpg\" alt=\"\" width=\"1443\" height=\"709\" srcset=\"https:\/\/krangruasymontajes.com.ar\/wp-content\/uploads\/2024\/03\/fletes-montajes-servicios-de-gruas-kran-gruas-montajes-de-silos.jpg 1443w, https:\/\/krangruasymontajes.com.ar\/wp-content\/uploads\/2024\/03\/fletes-montajes-servicios-de-gruas-kran-gruas-montajes-de-silos-300x147.jpg 300w, https:\/\/krangruasymontajes.com.ar\/wp-content\/uploads\/2024\/03\/fletes-montajes-servicios-de-gruas-kran-gruas-montajes-de-silos-1024x503.jpg 1024w, https:\/\/krangruasymontajes.com.ar\/wp-content\/uploads\/2024\/03\/fletes-montajes-servicios-de-gruas-kran-gruas-montajes-de-silos-768x377.jpg 768w\" sizes=\"auto, (max-width: 1443px) 100vw, 1443px\" \/>[\/vc_column_text][vc_empty_space height=&#8221;15px&#8221;][vc_column_text]<\/p>\n<h3 style=\"text-align: center;\">Fletes y Transporte<\/h3>\n<p>[\/vc_column_text][vc_empty_space height=&#8221;15px&#8221;]\r\n\t\t\t<div class=\"nm_btn_align_center\">\r\n\t\t\t\t<a href=\"https:\/\/krangruasymontajes.com.ar\/index.php\/servicios-de-fletes\/\" class=\"nm_btn nm_btn_lg nm_btn_filled_rounded\" title=\"Servicios de gr\u00faas de gran porte\">\r\n\t\t\t\t\t<span class=\"nm_btn_title\">Conoce m\u00e1s<\/span>\r\n\t\t\t\t\t<span class=\"nm_btn_bg\" style=\"background-color:#dd0000;\"><\/span>\r\n\t\t\t\t<\/a>\r\n\t\t\t<\/div>[vc_empty_space height=&#8221;45px&#8221;][vc_empty_space height=&#8221;45px&#8221;][\/vc_column][vc_column width=&#8221;1\/4&#8243;][vc_empty_space height=&#8221;45px&#8221;][vc_column_text]<img loading=\"lazy\" decoding=\"async\" class=\"aligncenter size-full wp-image-468\" src=\"https:\/\/krangruasymontajes.com.ar\/wp-content\/uploads\/2024\/03\/montajes-servicios-de-gruas-kran-gruas.jpg\" alt=\"\" width=\"1443\" height=\"709\" srcset=\"https:\/\/krangruasymontajes.com.ar\/wp-content\/uploads\/2024\/03\/montajes-servicios-de-gruas-kran-gruas.jpg 1443w, https:\/\/krangruasymontajes.com.ar\/wp-content\/uploads\/2024\/03\/montajes-servicios-de-gruas-kran-gruas-300x147.jpg 300w, https:\/\/krangruasymontajes.com.ar\/wp-content\/uploads\/2024\/03\/montajes-servicios-de-gruas-kran-gruas-1024x503.jpg 1024w, https:\/\/krangruasymontajes.com.ar\/wp-content\/uploads\/2024\/03\/montajes-servicios-de-gruas-kran-gruas-768x377.jpg 768w\" sizes=\"auto, (max-width: 1443px) 100vw, 1443px\" \/>[\/vc_column_text][vc_empty_space height=&#8221;15px&#8221;][vc_column_text]<\/p>\n<h3 style=\"text-align: center;\">Gr\u00faas de gran porte<\/h3>\n<p>[\/vc_column_text][vc_empty_space height=&#8221;15px&#8221;]\r\n\t\t\t<div class=\"nm_btn_align_center\">\r\n\t\t\t\t<a href=\"https:\/\/krangruasymontajes.com.ar\/index.php\/servicios-de-gruas-de-gran-porte\/\" class=\"nm_btn nm_btn_lg nm_btn_filled_rounded\" title=\"Servicios de gr\u00faas de gran porte\">\r\n\t\t\t\t\t<span class=\"nm_btn_title\">Conoce m\u00e1s<\/span>\r\n\t\t\t\t\t<span class=\"nm_btn_bg\" style=\"background-color:#dd0000;\"><\/span>\r\n\t\t\t\t<\/a>\r\n\t\t\t<\/div>[vc_empty_space height=&#8221;45px&#8221;][vc_empty_space height=&#8221;45px&#8221;][\/vc_column][vc_column width=&#8221;1\/4&#8243;][vc_empty_space height=&#8221;45px&#8221;][vc_column_text]<img loading=\"lazy\" decoding=\"async\" class=\"aligncenter size-full wp-image-517\" src=\"https:\/\/krangruasymontajes.com.ar\/wp-content\/uploads\/2024\/04\/montajes-servicios-de-gruas-kran.jpg\" alt=\"\" width=\"1442\" height=\"709\" srcset=\"https:\/\/krangruasymontajes.com.ar\/wp-content\/uploads\/2024\/04\/montajes-servicios-de-gruas-kran.jpg 1442w, https:\/\/krangruasymontajes.com.ar\/wp-content\/uploads\/2024\/04\/montajes-servicios-de-gruas-kran-300x148.jpg 300w, https:\/\/krangruasymontajes.com.ar\/wp-content\/uploads\/2024\/04\/montajes-servicios-de-gruas-kran-1024x503.jpg 1024w, https:\/\/krangruasymontajes.com.ar\/wp-content\/uploads\/2024\/04\/montajes-servicios-de-gruas-kran-768x378.jpg 768w\" sizes=\"auto, (max-width: 1442px) 100vw, 1442px\" \/>[\/vc_column_text][vc_empty_space height=&#8221;15px&#8221;][vc_column_text]<\/p>\n<h3 style=\"text-align: center;\">Servicio de Hidro-Gr\u00faa<\/h3>\n<p>[\/vc_column_text][vc_empty_space height=&#8221;15px&#8221;]\r\n\t\t\t<div class=\"nm_btn_align_center\">\r\n\t\t\t\t<a href=\"https:\/\/krangruasymontajes.com.ar\/index.php\/servicios-de-hidro-grua\/\" class=\"nm_btn nm_btn_lg nm_btn_filled_rounded\" title=\"Servicios de gr\u00faas de gran porte\">\r\n\t\t\t\t\t<span class=\"nm_btn_title\">Conoce m\u00e1s<\/span>\r\n\t\t\t\t\t<span class=\"nm_btn_bg\" style=\"background-color:#dd0000;\"><\/span>\r\n\t\t\t\t<\/a>\r\n\t\t\t<\/div>[vc_empty_space height=&#8221;45px&#8221;][vc_empty_space height=&#8221;45px&#8221;][\/vc_column][\/vc_row][vc_row max_width=&#8221;1600&#8243;][vc_column css_animation=&#8221;fadeInUp&#8221;][vc_empty_space height=&#8221;45px&#8221;][vc_empty_space height=&#8221;45px&#8221;][vc_column_text]<\/p>\n<h3 style=\"text-align: center;\">Sobre Nosotros<\/h3>\n<p>[\/vc_column_text][vc_empty_space height=&#8221;45px&#8221;][\/vc_column][\/vc_row][vc_row max_width=&#8221;1600&#8243;][vc_column css_animation=&#8221;fadeInUp&#8221; width=&#8221;1\/4&#8243;][\/vc_column][vc_column width=&#8221;1\/2&#8243;][vc_column_text]<\/p>\n<div class=\"wpb_text_column wpb_content_element \">\n<div class=\"wpb_wrapper\"><\/div>\n<\/div>\n<div class=\"vc_empty_space\" style=\"text-align: center;\">Con una experiencia de 45 a\u00f1os y un amplio y capacitado equipo de trabajo en FR Montajes nos especializamos en montajes de elevadores a cangilones, de transportadores a cadena, cintas, silos, torres, naves met\u00e1licas, roscas extractoras y junto con KRAN Servi S.A. realizamos fletes con carretones propios y servicios de hidro-gr\u00faa y gr\u00faas de gran porte para otorgar un servicio completo.<\/div>\n<p>[\/vc_column_text][vc_empty_space height=&#8221;45px&#8221;][vc_empty_space height=&#8221;45px&#8221;][\/vc_column][vc_column width=&#8221;1\/4&#8243;][\/vc_column][\/vc_row][vc_row max_width=&#8221;1500&#8243;][vc_column offset=&#8221;vc_hidden-sm vc_hidden-xs&#8221;][vc_empty_space height=&#8221;45px&#8221;][vc_empty_space height=&#8221;45px&#8221;][vc_empty_space height=&#8221;45px&#8221;][vc_column_text]<\/p>\n<h2 style=\"text-align: center;\">Conf\u00edan en Nosotros<\/h2>\n<p>[\/vc_column_text][vc_empty_space height=&#8221;45px&#8221;]<div class=\"nm-banner-slider plugin-slick pagination-color-gray slick-slider slick-dots-disabled\" data-speed=\"1000\" data-autoplay=\"true\" data-autoplay-speed=\"3000\" data-infinite=\"true\">\r\n\t\t\t<div class=\"nm-banner content-full image-type-fluid text-color-dark subtitle-below\" style=\"\"><img loading=\"lazy\" decoding=\"async\" src=\"https:\/\/krangruasymontajes.com.ar\/wp-content\/uploads\/2024\/04\/clienteskran_02.jpg\" width=\"1900\" height=\"200\" alt=\"clienteskran_02\" \/>\r\n\t\t\t<\/div>\r\n\t\t\t<div class=\"nm-banner content-full image-type-fluid text-color-dark subtitle-below\" style=\"\"><img loading=\"lazy\" decoding=\"async\" src=\"https:\/\/krangruasymontajes.com.ar\/wp-content\/uploads\/2024\/04\/clienteskran_01.jpg\" width=\"1900\" height=\"200\" alt=\"clienteskran_01\" \/>\r\n\t\t\t<\/div>\r\n\t\t\t<div class=\"nm-banner content-full image-type-fluid text-color-dark subtitle-below\" style=\"\"><img loading=\"lazy\" decoding=\"async\" src=\"https:\/\/krangruasymontajes.com.ar\/wp-content\/uploads\/2024\/04\/clienteskran_03.jpg\" width=\"1900\" height=\"200\" alt=\"clienteskran_03\" \/>\r\n\t\t\t<\/div><\/div>[vc_empty_space height=&#8221;45px&#8221;][vc_empty_space height=&#8221;45px&#8221;][\/vc_column][\/vc_row][vc_row][vc_column][vc_column_text]<\/p>\n<p>[\/vc_column_text][\/vc_column][\/vc_row][vc_row css=&#8221;.vc_custom_1711502936709{background-color: #2b2b2b !important;}&#8221;][vc_column][vc_empty_space height=&#8221;45px&#8221;][\/vc_column][\/vc_row][vc_row css=&#8221;.vc_custom_1711503228564{padding-right: 250px !important;padding-left: 250px !important;background-color: #2b2b2b !important;}&#8221;][vc_column width=&#8221;1\/6&#8243; offset=&#8221;vc_hidden-sm vc_hidden-xs&#8221;][\/vc_column][vc_column width=&#8221;1\/6&#8243; offset=&#8221;vc_hidden-sm vc_hidden-xs&#8221;][vc_empty_space height=&#8221;45px&#8221;][vc_column_text]<img loading=\"lazy\" decoding=\"async\" class=\"alignnone size-full wp-image-83 aligncenter\" src=\"https:\/\/krangruasymontajes.com.ar\/wp-content\/uploads\/2024\/03\/mapa.png\" alt=\"\" width=\"64\" height=\"64\" \/>[\/vc_column_text][vc_empty_space height=&#8221;25px&#8221;][vc_column_text]<\/p>\n<h5 style=\"color: white; text-align: center;\">Calle 42 131\u00a0y\u00a0133\u00a0(N\u00ba1550)<\/h5>\n<p>[\/vc_column_text][\/vc_column][vc_column width=&#8221;1\/6&#8243; offset=&#8221;vc_hidden-sm vc_hidden-xs&#8221;][vc_empty_space height=&#8221;45px&#8221;][vc_column_text]<img loading=\"lazy\" decoding=\"async\" class=\"alignnone size-full wp-image-84 aligncenter\" src=\"https:\/\/krangruasymontajes.com.ar\/wp-content\/uploads\/2024\/03\/administracion.png\" alt=\"\" width=\"64\" height=\"64\" \/>[\/vc_column_text][vc_empty_space height=&#8221;25px&#8221;][vc_column_text css=&#8221;&#8221;]<\/p>\n<h5 style=\"color: white; text-align: center;\">3413493678<\/h5>\n<p>[\/vc_column_text][\/vc_column][vc_column width=&#8221;1\/6&#8243; offset=&#8221;vc_hidden-sm vc_hidden-xs&#8221;][vc_empty_space height=&#8221;45px&#8221;][vc_column_text]<img loading=\"lazy\" decoding=\"async\" class=\"alignnone size-full wp-image-85 aligncenter\" src=\"https:\/\/krangruasymontajes.com.ar\/wp-content\/uploads\/2024\/03\/telefono.png\" alt=\"\" width=\"64\" height=\"64\" \/>[\/vc_column_text][vc_empty_space height=&#8221;25px&#8221;][vc_column_text]<\/p>\n<h5 style=\"color: white; text-align: center;\">2473503450<\/h5>\n<p>[\/vc_column_text][\/vc_column][vc_column width=&#8221;1\/6&#8243; offset=&#8221;vc_hidden-sm vc_hidden-xs&#8221;][vc_empty_space height=&#8221;45px&#8221;][vc_column_text]<img loading=\"lazy\" decoding=\"async\" class=\"alignnone size-full wp-image-78 aligncenter\" src=\"https:\/\/krangruasymontajes.com.ar\/wp-content\/uploads\/2024\/03\/email-3.png\" alt=\"\" width=\"64\" height=\"64\" \/>[\/vc_column_text][vc_empty_space height=&#8221;25px&#8221;][vc_column_text]<\/p>\n<h5 style=\"color: white; text-align: center;\">kranservisa@gmail.com<\/h5>\n<p>[\/vc_column_text][\/vc_column][vc_column width=&#8221;1\/6&#8243; offset=&#8221;vc_hidden-sm vc_hidden-xs&#8221;][\/vc_column][\/vc_row][vc_row css=&#8221;.vc_custom_1711513854124{background-color: #2b2b2b !important;}&#8221;][vc_column width=&#8221;1\/6&#8243; offset=&#8221;vc_hidden-lg vc_hidden-md&#8221;][\/vc_column][vc_column width=&#8221;1\/6&#8243; offset=&#8221;vc_hidden-lg vc_hidden-md&#8221;][vc_empty_space height=&#8221;45px&#8221;][vc_column_text]<img loading=\"lazy\" decoding=\"async\" class=\"alignnone size-full wp-image-83 aligncenter\" src=\"https:\/\/krangruasymontajes.com.ar\/wp-content\/uploads\/2024\/03\/mapa.png\" alt=\"\" width=\"64\" height=\"64\" \/>[\/vc_column_text][vc_empty_space height=&#8221;25px&#8221;][vc_column_text]<\/p>\n<h5 style=\"color: white; text-align: center;\">47 N1326, Col\u00f3n<br \/>\n(entre 127 y 128)<\/h5>\n<p>[\/vc_column_text][\/vc_column][vc_column width=&#8221;1\/6&#8243; offset=&#8221;vc_hidden-lg vc_hidden-md&#8221;][vc_empty_space height=&#8221;45px&#8221;][vc_column_text]<img loading=\"lazy\" decoding=\"async\" class=\"alignnone size-full wp-image-84 aligncenter\" src=\"https:\/\/krangruasymontajes.com.ar\/wp-content\/uploads\/2024\/03\/administracion.png\" alt=\"\" width=\"64\" height=\"64\" \/>[\/vc_column_text][vc_empty_space height=&#8221;25px&#8221;][vc_column_text css=&#8221;&#8221;]<\/p>\n<h5 style=\"color: white; text-align: center;\">3413493678<\/h5>\n<p>[\/vc_column_text][\/vc_column][vc_column width=&#8221;1\/6&#8243; offset=&#8221;vc_hidden-lg vc_hidden-md&#8221;][vc_empty_space height=&#8221;45px&#8221;][vc_column_text]<img loading=\"lazy\" decoding=\"async\" class=\"alignnone size-full wp-image-85 aligncenter\" src=\"https:\/\/krangruasymontajes.com.ar\/wp-content\/uploads\/2024\/03\/telefono.png\" alt=\"\" width=\"64\" height=\"64\" \/>[\/vc_column_text][vc_empty_space height=&#8221;25px&#8221;][vc_column_text]<\/p>\n<h5 style=\"color: white; text-align: center;\">2473503450<\/h5>\n<p>[\/vc_column_text][\/vc_column][vc_column width=&#8221;1\/6&#8243; offset=&#8221;vc_hidden-lg vc_hidden-md&#8221;][vc_empty_space height=&#8221;45px&#8221;][vc_column_text]<img loading=\"lazy\" decoding=\"async\" class=\"alignnone size-full wp-image-78 aligncenter\" src=\"https:\/\/krangruasymontajes.com.ar\/wp-content\/uploads\/2024\/03\/email-3.png\" alt=\"\" width=\"64\" height=\"64\" \/>[\/vc_column_text][vc_empty_space height=&#8221;25px&#8221;][vc_column_text]<\/p>\n<h5 style=\"color: white; text-align: center;\">kranservisa@gmail.com<\/h5>\n<p>[\/vc_column_text][\/vc_column][vc_column width=&#8221;1\/6&#8243; offset=&#8221;vc_hidden-lg vc_hidden-md&#8221;][\/vc_column][\/vc_row][vc_row type=&#8221;full-nopad&#8221; css=&#8221;.vc_custom_1711503175454{background-color: #2b2b2b !important;}&#8221;][vc_column][vc_empty_space height=&#8221;45px&#8221;][vc_column_text]<iframe loading=\"lazy\" style=\"border: 0;\" src=\"https:\/\/www.google.com\/maps\/embed?pb=!1m18!1m12!1m3!1d3312.4174798594063!2d-61.09493042525597!3d-33.87890041958035!2m3!1f0!2f0!3f0!3m2!1i1024!2i768!4f13.1!3m3!1m2!1s0x95b8108ac7a3c7d9%3A0x5cc3fd210d482cad!2sC.%2042%20%26%20C.%20133%2C%20Col%C3%B3n%2C%20Provincia%20de%20Buenos%20Aires!5e0!3m2!1ses-419!2sar!4v1712785443353!5m2!1ses-419!2sar\" width=\"100%\" height=\"450\" allowfullscreen=\"allowfullscreen\"><\/iframe>[\/vc_column_text][\/vc_column][\/vc_row]<\/p>\n<\/div>","protected":false},"excerpt":{"rendered":"<p>[vc_row max_width=&#8221;1600&#8243;][vc_column css_animation=&#8221;fadeIn&#8221;][vc_column_text][\/vc_column_text][\/vc_column][\/vc_row][vc_row max_width=&#8221;1600&#8243;][vc_column css_animation=&#8221;fadeInUp&#8221;][vc_empty_space height=&#8221;45px&#8221;][vc_column_text] Servicios de Gr\u00faas y Montajes Industriales [\/vc_column_text][\/vc_column][\/vc_row][vc_row max_width=&#8221;1600&#8243;][vc_column css_animation=&#8221;fadeInUp&#8221;][vc_empty_space height=&#8221;15px&#8221;][vc_column_text] Alquiler de Gr\u00faas y Transportes de Grandes Dimensiones [\/vc_column_text][vc_empty_space height=&#8221;45px&#8221;][\/vc_column][\/vc_row][vc_row max_width=&#8221;1600&#8243;][vc_column css_animation=&#8221;fadeInUp&#8221;][vc_empty_space height=&#8221;45px&#8221;][vc_column_text] Nuestros Servicios [\/vc_column_text][vc_empty_space height=&#8221;25px&#8221;][\/vc_column][\/vc_row][vc_row max_width=&#8221;1600&#8243; css_animation=&#8221;fadeInUp&#8221;][vc_column width=&#8221;1\/4&#8243;][vc_empty_space height=&#8221;45px&#8221;][vc_column_text][\/vc_column_text][vc_empty_space height=&#8221;15px&#8221;][vc_column_text] Montajes Industriales [\/vc_column_text][vc_empty_space height=&#8221;15px&#8221;][vc_empty_space height=&#8221;45px&#8221;][vc_empty_space height=&#8221;45px&#8221;][\/vc_column][vc_column width=&#8221;1\/4&#8243;][vc_empty_space height=&#8221;45px&#8221;][vc_column_text][\/vc_column_text][vc_empty_space height=&#8221;15px&#8221;][vc_column_text] Fletes y Transporte [\/vc_column_text][vc_empty_space height=&#8221;15px&#8221;][vc_empty_space height=&#8221;45px&#8221;][vc_empty_space height=&#8221;45px&#8221;][\/vc_column][vc_column width=&#8221;1\/4&#8243;][vc_empty_space &hellip;<\/p>\n","protected":false},"author":2,"featured_media":0,"parent":0,"menu_order":0,"comment_status":"closed","ping_status":"closed","template":"templates\/page-full.php","meta":{"footnotes":""},"class_list":["post-334","page","type-page","status-publish","hentry"],"_links":{"self":[{"href":"https:\/\/krangruasymontajes.com.ar\/index.php\/wp-json\/wp\/v2\/pages\/334","targetHints":{"allow":["GET"]}}],"collection":[{"href":"https:\/\/krangruasymontajes.com.ar\/index.php\/wp-json\/wp\/v2\/pages"}],"about":[{"href":"https:\/\/krangruasymontajes.com.ar\/index.php\/wp-json\/wp\/v2\/types\/page"}],"author":[{"embeddable":true,"href":"https:\/\/krangruasymontajes.com.ar\/index.php\/wp-json\/wp\/v2\/users\/2"}],"replies":[{"embeddable":true,"href":"https:\/\/krangruasymontajes.com.ar\/index.php\/wp-json\/wp\/v2\/comments?post=334"}],"version-history":[{"count":49,"href":"https:\/\/krangruasymontajes.com.ar\/index.php\/wp-json\/wp\/v2\/pages\/334\/revisions"}],"predecessor-version":[{"id":550,"href":"https:\/\/krangruasymontajes.com.ar\/index.php\/wp-json\/wp\/v2\/pages\/334\/revisions\/550"}],"wp:attachment":[{"href":"https:\/\/krangruasymontajes.com.ar\/index.php\/wp-json\/wp\/v2\/media?parent=334"}],"curies":[{"name":"wp","href":"https:\/\/api.w.org\/{rel}","templated":true}]}}